{"id":1848,"date":"2018-08-11T20:30:39","date_gmt":"2018-08-11T18:30:39","guid":{"rendered":"http:\/\/www.d-health.cz\/?page_id=1848"},"modified":"2018-08-11T20:30:39","modified_gmt":"2018-08-11T18:30:39","slug":"poradenska-cinnost-v-oblasti-bezdratovych-technologii-carovych-kodu-a-rfid","status":"publish","type":"page","link":"https:\/\/www.d-health.cz\/index.php\/sluzby-2\/poradenska-cinnost-v-oblasti-bezdratovych-technologii-carovych-kodu-a-rfid\/","title":{"rendered":"Poradensk\u00e1 \u010dinnost v oblasti bezdr\u00e1tov\u00fdch technologi\u00ed, \u010d\u00e1rov\u00fdch k\u00f3d\u016f a RFID"},"content":{"rendered":"<p style=\"text-align: justify;\"><span style=\"font-size: 9.0pt; font-family: 'Tahoma',sans-serif; color: #1f2047;\">Oblast vyu\u017eit\u00ed\u00a0\u010d\u00e1rov\u00fdch k\u00f3d\u016f a RFID je pom\u011brn\u011b rozs\u00e1hl\u00e1 a v\u011bt\u0161ina t\u011bchto \u0159e\u0161en\u00ed se neobejde bez konzultace s\u00a0odborn\u00edky.\u00a0<\/span><\/p>\n<p style=\"text-align: justify;\"><span style=\"font-size: 9.0pt; font-family: 'Tahoma',sans-serif; color: #1f2047;\">Spole\u010dnost d-Health nab\u00edz\u00ed pomoc\u00a0od zmapov\u00e1n\u00ed st\u00e1vaj\u00edc\u00edho stavu &#8211; po postimplementa\u010dn\u00ed za\u0161kolen\u00ed obsluhy. Cel\u00fd proces\u00a0hled\u00e1n\u00ed \u0159e\u0161en\u00ed vych\u00e1z\u00ed z\u00a0detailn\u00ed anal\u00fdzy pot\u0159eb z\u00e1kazn\u00edka.<\/span><\/p>\n<p style=\"text-align: justify;\"><span style=\"font-size: 9.0pt; font-family: 'Tahoma',sans-serif; color: #1f2047;\">C\u00edlem je nejen navrhnout komponenty budouc\u00edho projektu, ale tak\u00e9 spo\u010d\u00edtat n\u00e1vratnost klientovy investice <strong><span style=\"font-family: 'Tahoma',sans-serif;\">ROI <\/span><\/strong>(Return of Investement) a ve\u0161ker\u00e9 n\u00e1klady spojen\u00e9 s provozem <strong><span style=\"font-family: 'Tahoma',sans-serif;\">TOC <\/span><\/strong>(Total Cost of Ownership). Tento zp\u016fsob anal\u00fdzy poskytuje klientovi mimo jin\u00e9 argumenty o v\u00fdhodnosti \u0159e\u0161en\u00ed a\u00a0kvalifikovan\u00e9 \u00fadaje o rentabilit\u011b investice a provozn\u00edch n\u00e1kladech. <b>\u00a0<\/b><\/span><\/p>\n","protected":false},"excerpt":{"rendered":"<p>Oblast vyu\u017eit\u00ed\u00a0\u010d\u00e1rov\u00fdch k\u00f3d\u016f a RFID je pom\u011brn\u011b rozs\u00e1hl\u00e1 a v\u011bt\u0161ina t\u011bchto \u0159e\u0161en\u00ed se neobejde bez konzultace s\u00a0odborn\u00edky.\u00a0 Spole\u010dnost d-Health nab\u00edz\u00ed pomoc\u00a0od zmapov\u00e1n\u00ed st\u00e1vaj\u00edc\u00edho stavu &#8211; po postimplementa\u010dn\u00ed za\u0161kolen\u00ed obsluhy. Cel\u00fd proces\u00a0hled\u00e1n\u00ed \u0159e\u0161en\u00ed vych\u00e1z\u00ed z\u00a0detailn\u00ed anal\u00fdzy pot\u0159eb z\u00e1kazn\u00edka. C\u00edlem je nejen navrhnout komponenty budouc\u00edho projektu, ale tak\u00e9 spo\u010d\u00edtat n\u00e1vratnost klientovy investice ROI (Return of Investement) a<a href=\"https:\/\/www.d-health.cz\/index.php\/sluzby-2\/poradenska-cinnost-v-oblasti-bezdratovych-technologii-carovych-kodu-a-rfid\/\">[&#8230;]<\/a><\/p>\n","protected":false},"author":2,"featured_media":0,"parent":1832,"menu_order":0,"comment_status":"closed","ping_status":"closed","template":"","meta":{"footnotes":""},"class_list":["post-1848","page","type-page","status-publish","hentry"],"_links":{"self":[{"href":"https:\/\/www.d-health.cz\/index.php\/wp-json\/wp\/v2\/pages\/1848","targetHints":{"allow":["GET"]}}],"collection":[{"href":"https:\/\/www.d-health.cz\/index.php\/wp-json\/wp\/v2\/pages"}],"about":[{"href":"https:\/\/www.d-health.cz\/index.php\/wp-json\/wp\/v2\/types\/page"}],"author":[{"embeddable":true,"href":"https:\/\/www.d-health.cz\/index.php\/wp-json\/wp\/v2\/users\/2"}],"replies":[{"embeddable":true,"href":"https:\/\/www.d-health.cz\/index.php\/wp-json\/wp\/v2\/comments?post=1848"}],"version-history":[{"count":1,"href":"https:\/\/www.d-health.cz\/index.php\/wp-json\/wp\/v2\/pages\/1848\/revisions"}],"predecessor-version":[{"id":1849,"href":"https:\/\/www.d-health.cz\/index.php\/wp-json\/wp\/v2\/pages\/1848\/revisions\/1849"}],"up":[{"embeddable":true,"href":"https:\/\/www.d-health.cz\/index.php\/wp-json\/wp\/v2\/pages\/1832"}],"wp:attachment":[{"href":"https:\/\/www.d-health.cz\/index.php\/wp-json\/wp\/v2\/media?parent=1848"}],"curies":[{"name":"wp","href":"https:\/\/api.w.org\/{rel}","templated":true}]}}